{"id":595,"date":"2019-12-10T14:03:02","date_gmt":"2019-12-10T14:03:02","guid":{"rendered":"https:\/\/skole.vamtam.com\/?page_id=595"},"modified":"2026-01-16T19:33:25","modified_gmt":"2026-01-16T19:33:25","slug":"blog","status":"publish","type":"page","link":"https:\/\/actoutworkshop.com\/index.php\/blog\/","title":{"rendered":"Blog"},"content":{"rendered":"\t\t<div data-elementor-type=\"wp-page\" data-elementor-id=\"595\" class=\"elementor elementor-595\" data-elementor-post-type=\"page\">\n\t\t\t\t\t\t<section class=\"elementor-section elementor-top-section elementor-element elementor-element-dff566e elementor-section-full_width elementor-section-height-default elementor-section-height-default\" data-id=\"dff566e\" data-element_type=\"section\" data-e-type=\"section\" data-settings=\"{&quot;background_background&quot;:&quot;classic&quot;,&quot;background_motion_fx_motion_fx_scrolling&quot;:&quot;yes&quot;,&quot;background_motion_fx_scale_effect&quot;:&quot;yes&quot;,&quot;background_motion_fx_scale_range&quot;:{&quot;unit&quot;:&quot;%&quot;,&quot;size&quot;:&quot;&quot;,&quot;sizes&quot;:{&quot;start&quot;:20,&quot;end&quot;:100}},&quot;background_motion_fx_devices&quot;:[&quot;desktop&quot;],&quot;background_motion_fx_scale_direction&quot;:&quot;in-out&quot;,&quot;background_motion_fx_range&quot;:&quot;viewport&quot;,&quot;background_motion_fx_scale_speed&quot;:{&quot;unit&quot;:&quot;px&quot;,&quot;size&quot;:4,&quot;sizes&quot;:[]}}\">\n\t\t\t\t\t\t\t<div class=\"elementor-background-overlay\"><\/div>\n\t\t\t\t\t\t\t<div class=\"elementor-container elementor-column-gap-no\">\n\t\t\t\t\t<div class=\"elementor-column elementor-col-50 elementor-top-column elementor-element elementor-element-8e0e521\" data-id=\"8e0e521\" data-element_type=\"column\" data-e-type=\"column\" data-settings=\"{&quot;background_background&quot;:&quot;classic&quot;}\">\n\t\t\t<div class=\"elementor-widget-wrap elementor-element-populated\">\n\t\t\t\t\t\t<div class=\"elementor-element elementor-element-8435a7a elementor-widget elementor-widget-image\" data-id=\"8435a7a\" data-element_type=\"widget\" data-e-type=\"widget\" data-widget_type=\"image.default\">\n\t\t\t\t<div class=\"elementor-widget-container\">\n\t\t\t\t\t\t\t\t\t\t\t\t\t\t\t<img fetchpriority=\"high\" decoding=\"async\" width=\"1922\" height=\"215\" src=\"https:\/\/actoutworkshop.com\/wp-content\/uploads\/2023\/11\/barra_header.png\" class=\"attachment-full size-full wp-image-989530\" alt=\"\" srcset=\"https:\/\/actoutworkshop.com\/wp-content\/uploads\/2023\/11\/barra_header.png 1922w, https:\/\/actoutworkshop.com\/wp-content\/uploads\/2023\/11\/barra_header-300x34.png 300w, https:\/\/actoutworkshop.com\/wp-content\/uploads\/2023\/11\/barra_header-1024x115.png 1024w, https:\/\/actoutworkshop.com\/wp-content\/uploads\/2023\/11\/barra_header-768x86.png 768w, https:\/\/actoutworkshop.com\/wp-content\/uploads\/2023\/11\/barra_header-1536x172.png 1536w\" sizes=\"(max-width: 1922px) 100vw, 1922px\" \/>\t\t\t\t\t\t\t\t\t\t\t\t\t\t\t<\/div>\n\t\t\t\t<\/div>\n\t\t\t\t\t<\/div>\n\t\t<\/div>\n\t\t\t\t<div class=\"elementor-column elementor-col-50 elementor-top-column elementor-element elementor-element-817bc31\" data-id=\"817bc31\" data-element_type=\"column\" data-e-type=\"column\" data-settings=\"{&quot;background_background&quot;:&quot;classic&quot;}\">\n\t\t\t<div class=\"elementor-widget-wrap elementor-element-populated\">\n\t\t\t\t\t\t<div class=\"elementor-element elementor-element-6924d8d elementor-hidden-tablet elementor-hidden-mobile elementor-widget elementor-widget-image\" data-id=\"6924d8d\" data-element_type=\"widget\" data-e-type=\"widget\" data-widget_type=\"image.default\">\n\t\t\t\t<div class=\"elementor-widget-container\">\n\t\t\t\t\t\t\t\t\t\t\t\t\t\t\t<img fetchpriority=\"high\" decoding=\"async\" width=\"1922\" height=\"215\" src=\"https:\/\/actoutworkshop.com\/wp-content\/uploads\/2023\/11\/barra_header.png\" class=\"attachment-full size-full wp-image-989530\" alt=\"\" srcset=\"https:\/\/actoutworkshop.com\/wp-content\/uploads\/2023\/11\/barra_header.png 1922w, https:\/\/actoutworkshop.com\/wp-content\/uploads\/2023\/11\/barra_header-300x34.png 300w, https:\/\/actoutworkshop.com\/wp-content\/uploads\/2023\/11\/barra_header-1024x115.png 1024w, https:\/\/actoutworkshop.com\/wp-content\/uploads\/2023\/11\/barra_header-768x86.png 768w, https:\/\/actoutworkshop.com\/wp-content\/uploads\/2023\/11\/barra_header-1536x172.png 1536w\" sizes=\"(max-width: 1922px) 100vw, 1922px\" \/>\t\t\t\t\t\t\t\t\t\t\t\t\t\t\t<\/div>\n\t\t\t\t<\/div>\n\t\t\t\t\t<\/div>\n\t\t<\/div>\n\t\t\t\t\t<\/div>\n\t\t<\/section>\n\t\t\t\t<section class=\"elementor-section elementor-top-section elementor-element elementor-element-54d65e8 elementor-section-boxed elementor-section-height-default elementor-section-height-default\" data-id=\"54d65e8\" data-element_type=\"section\" data-e-type=\"section\">\n\t\t\t\t\t\t<div class=\"elementor-container elementor-column-gap-default\">\n\t\t\t\t\t<div class=\"elementor-column elementor-col-100 elementor-top-column elementor-element elementor-element-71c4a76\" data-id=\"71c4a76\" data-element_type=\"column\" data-e-type=\"column\">\n\t\t\t<div class=\"elementor-widget-wrap elementor-element-populated\">\n\t\t\t\t\t\t<div class=\"elementor-element elementor-element-9afb999 elementor-widget elementor-widget-heading\" data-id=\"9afb999\" data-element_type=\"widget\" data-e-type=\"widget\" data-widget_type=\"heading.default\">\n\t\t\t\t<div class=\"elementor-widget-container\">\n\t\t\t\t\t<h2 class=\"elementor-heading-title elementor-size-default\">BLOG<\/h2>\t\t\t\t<\/div>\n\t\t\t\t<\/div>\n\t\t\t\t\t<\/div>\n\t\t<\/div>\n\t\t\t\t\t<\/div>\n\t\t<\/section>\n\t\t\t\t<section class=\"elementor-section elementor-top-section elementor-element elementor-element-3c2b1fc elementor-section-boxed elementor-section-height-default elementor-section-height-default\" data-id=\"3c2b1fc\" data-element_type=\"section\" data-e-type=\"section\">\n\t\t\t\t\t\t<div class=\"elementor-container elementor-column-gap-default\">\n\t\t\t\t\t<div class=\"elementor-column elementor-col-100 elementor-top-column elementor-element elementor-element-deada5d\" data-id=\"deada5d\" data-element_type=\"column\" data-e-type=\"column\">\n\t\t\t<div class=\"elementor-widget-wrap elementor-element-populated\">\n\t\t\t\t\t\t<div class=\"elementor-element elementor-element-bbe5aa9 elementor-grid-3 elementor-grid-tablet-2 elementor-grid-mobile-1 elementor-posts--thumbnail-top elementor-widget elementor-widget-posts\" data-id=\"bbe5aa9\" data-element_type=\"widget\" data-e-type=\"widget\" data-settings=\"{&quot;classic_row_gap&quot;:{&quot;unit&quot;:&quot;px&quot;,&quot;size&quot;:30,&quot;sizes&quot;:[]},&quot;classic_columns&quot;:&quot;3&quot;,&quot;classic_columns_tablet&quot;:&quot;2&quot;,&quot;classic_columns_mobile&quot;:&quot;1&quot;,&quot;classic_row_gap_tablet&quot;:{&quot;unit&quot;:&quot;px&quot;,&quot;size&quot;:&quot;&quot;,&quot;sizes&quot;:[]},&quot;classic_row_gap_mobile&quot;:{&quot;unit&quot;:&quot;px&quot;,&quot;size&quot;:&quot;&quot;,&quot;sizes&quot;:[]}}\" data-widget_type=\"posts.classic\">\n\t\t\t\t<div class=\"elementor-widget-container\">\n\t\t\t\t\t\t\t<div class=\"elementor-posts-container elementor-posts elementor-posts--skin-classic elementor-grid\">\n\t\t\t\t<article class=\"elementor-post elementor-grid-item post-994703 post type-post status-publish format-standard has-post-thumbnail hentry category-uncategorized\">\n\t\t\t\t<a class=\"elementor-post__thumbnail__link\" href=\"https:\/\/actoutworkshop.com\/index.php\/2026\/01\/16\/el-teatro-una-herramienta-poderosa-para-aprender-idiomas-y-ganar-confianza\/\" tabindex=\"-1\" >\n\t\t\t<div class=\"elementor-post__thumbnail\"><div class=\"vamtam-shape\"><\/div><img decoding=\"async\" width=\"2048\" height=\"700\" src=\"https:\/\/actoutworkshop.com\/wp-content\/uploads\/2025\/01\/FOTOS-WEB-ACT-OUT3-1.png\" class=\"attachment-full size-full wp-image-993786\" alt=\"\" srcset=\"https:\/\/actoutworkshop.com\/wp-content\/uploads\/2025\/01\/FOTOS-WEB-ACT-OUT3-1.png 2048w, https:\/\/actoutworkshop.com\/wp-content\/uploads\/2025\/01\/FOTOS-WEB-ACT-OUT3-1-300x103.png 300w, https:\/\/actoutworkshop.com\/wp-content\/uploads\/2025\/01\/FOTOS-WEB-ACT-OUT3-1-1024x350.png 1024w, https:\/\/actoutworkshop.com\/wp-content\/uploads\/2025\/01\/FOTOS-WEB-ACT-OUT3-1-768x263.png 768w, https:\/\/actoutworkshop.com\/wp-content\/uploads\/2025\/01\/FOTOS-WEB-ACT-OUT3-1-1536x525.png 1536w\" sizes=\"(max-width: 2048px) 100vw, 2048px\" \/><\/div>\n\t\t<\/a>\n\t\t\t\t<div class=\"elementor-post__text\">\n\t\t\t\t<h3 class=\"elementor-post__title\">\n\t\t\t<a href=\"https:\/\/actoutworkshop.com\/index.php\/2026\/01\/16\/el-teatro-una-herramienta-poderosa-para-aprender-idiomas-y-ganar-confianza\/\" >\n\t\t\t\tEl teatro: una herramienta poderosa para aprender idiomas y ganar confianza.\t\t\t<\/a>\n\t\t<\/h3>\n\t\t\t\t<div class=\"elementor-post__meta-data\">\n\t\t\t\t\t<span class=\"elementor-post-date\">\n\t\t\tJanuary 16, 2026\t\t<\/span>\n\t\t\t\t<span class=\"elementor-post-avatar\">\n\t\t\tNo Comments\t\t<\/span>\n\t\t\t\t<\/div>\n\t\t\t\t<div class=\"elementor-post__excerpt\">\n\t\t\t<p>Cuando era peque\u00f1o, recuerdo mi primer d\u00eda de colegio como si fuera ayer. Era un ni\u00f1o muy t\u00edmido, callado, y adem\u00e1s no hablaba ni una<\/p>\n\t\t<\/div>\n\t\t\n\t\t<a class=\"elementor-post__read-more\" href=\"https:\/\/actoutworkshop.com\/index.php\/2026\/01\/16\/el-teatro-una-herramienta-poderosa-para-aprender-idiomas-y-ganar-confianza\/\" aria-label=\"Read more about El teatro: una herramienta poderosa para aprender idiomas y ganar confianza.\" tabindex=\"-1\" >\n\t\t\tLeer mas \u00bb\t\t<\/a>\n\n\t\t\t\t<\/div>\n\t\t\t\t<\/article>\n\t\t\t\t<article class=\"elementor-post elementor-grid-item post-990631 post type-post status-publish format-standard has-post-thumbnail hentry category-uncategorized\">\n\t\t\t\t<a class=\"elementor-post__thumbnail__link\" href=\"https:\/\/actoutworkshop.com\/index.php\/2023\/12\/14\/descubriendo-el-tesoro-del-teatro-beneficios-para-los-ninos\/\" tabindex=\"-1\" >\n\t\t\t<div class=\"elementor-post__thumbnail\"><div class=\"vamtam-shape\"><\/div><img decoding=\"async\" width=\"2560\" height=\"1920\" src=\"https:\/\/actoutworkshop.com\/wp-content\/uploads\/2023\/12\/retrato-nino-espeluznante-disfraz-halloween-scaled.jpg\" class=\"attachment-full size-full wp-image-990632\" alt=\"\" srcset=\"https:\/\/actoutworkshop.com\/wp-content\/uploads\/2023\/12\/retrato-nino-espeluznante-disfraz-halloween-scaled.jpg 2560w, https:\/\/actoutworkshop.com\/wp-content\/uploads\/2023\/12\/retrato-nino-espeluznante-disfraz-halloween-300x225.jpg 300w, https:\/\/actoutworkshop.com\/wp-content\/uploads\/2023\/12\/retrato-nino-espeluznante-disfraz-halloween-1024x768.jpg 1024w, https:\/\/actoutworkshop.com\/wp-content\/uploads\/2023\/12\/retrato-nino-espeluznante-disfraz-halloween-768x576.jpg 768w, https:\/\/actoutworkshop.com\/wp-content\/uploads\/2023\/12\/retrato-nino-espeluznante-disfraz-halloween-1536x1152.jpg 1536w, https:\/\/actoutworkshop.com\/wp-content\/uploads\/2023\/12\/retrato-nino-espeluznante-disfraz-halloween-2048x1536.jpg 2048w\" sizes=\"(max-width: 2560px) 100vw, 2560px\" \/><\/div>\n\t\t<\/a>\n\t\t\t\t<div class=\"elementor-post__text\">\n\t\t\t\t<h3 class=\"elementor-post__title\">\n\t\t\t<a href=\"https:\/\/actoutworkshop.com\/index.php\/2023\/12\/14\/descubriendo-el-tesoro-del-teatro-beneficios-para-los-ninos\/\" >\n\t\t\t\tDescubriendo el Tesoro del Teatro: Beneficios para los Ni\u00f1os\t\t\t<\/a>\n\t\t<\/h3>\n\t\t\t\t<div class=\"elementor-post__meta-data\">\n\t\t\t\t\t<span class=\"elementor-post-date\">\n\t\t\tDecember 14, 2023\t\t<\/span>\n\t\t\t\t<span class=\"elementor-post-avatar\">\n\t\t\tNo Comments\t\t<\/span>\n\t\t\t\t<\/div>\n\t\t\t\t<div class=\"elementor-post__excerpt\">\n\t\t\t<p>El teatro es mucho m\u00e1s que luces brillantes y escenarios deslumbrantes; es una herramienta educativa invaluable que puede transformar la vida de los ni\u00f1os de<\/p>\n\t\t<\/div>\n\t\t\n\t\t<a class=\"elementor-post__read-more\" href=\"https:\/\/actoutworkshop.com\/index.php\/2023\/12\/14\/descubriendo-el-tesoro-del-teatro-beneficios-para-los-ninos\/\" aria-label=\"Read more about Descubriendo el Tesoro del Teatro: Beneficios para los Ni\u00f1os\" tabindex=\"-1\" >\n\t\t\tLeer mas \u00bb\t\t<\/a>\n\n\t\t\t\t<\/div>\n\t\t\t\t<\/article>\n\t\t\t\t<\/div>\n\t\t\n\t\t\t\t\t\t<\/div>\n\t\t\t\t<\/div>\n\t\t\t\t\t<\/div>\n\t\t<\/div>\n\t\t\t\t\t<\/div>\n\t\t<\/section>\n\t\t\t\t<\/div>\n\t\t","protected":false},"excerpt":{"rendered":"<p>BLOG<\/p>\n","protected":false},"author":1,"featured_media":0,"parent":0,"menu_order":0,"comment_status":"closed","ping_status":"closed","template":"","meta":{"_acf_changed":false,"inline_featured_image":false,"footnotes":""},"class_list":["post-595","page","type-page","status-publish","hentry"],"acf":[],"_links":{"self":[{"href":"https:\/\/actoutworkshop.com\/index.php\/wp-json\/wp\/v2\/pages\/595","targetHints":{"allow":["GET"]}}],"collection":[{"href":"https:\/\/actoutworkshop.com\/index.php\/wp-json\/wp\/v2\/pages"}],"about":[{"href":"https:\/\/actoutworkshop.com\/index.php\/wp-json\/wp\/v2\/types\/page"}],"author":[{"embeddable":true,"href":"https:\/\/actoutworkshop.com\/index.php\/wp-json\/wp\/v2\/users\/1"}],"replies":[{"embeddable":true,"href":"https:\/\/actoutworkshop.com\/index.php\/wp-json\/wp\/v2\/comments?post=595"}],"version-history":[{"count":105,"href":"https:\/\/actoutworkshop.com\/index.php\/wp-json\/wp\/v2\/pages\/595\/revisions"}],"predecessor-version":[{"id":994720,"href":"https:\/\/actoutworkshop.com\/index.php\/wp-json\/wp\/v2\/pages\/595\/revisions\/994720"}],"wp:attachment":[{"href":"https:\/\/actoutworkshop.com\/index.php\/wp-json\/wp\/v2\/media?parent=595"}],"curies":[{"name":"wp","href":"https:\/\/api.w.org\/{rel}","templated":true}]}}